{"id":12,"date":"2026-02-16T08:41:19","date_gmt":"2026-02-15T21:41:19","guid":{"rendered":"https:\/\/asociacioncivilkaratedecordoba.com.ar\/escuela\/?page_id=12"},"modified":"2026-03-30T15:00:34","modified_gmt":"2026-03-30T15:00:34","slug":"sedes-oficiales","status":"publish","type":"page","link":"https:\/\/kenshinkan.com.ar\/escuela\/sedes-oficiales\/","title":{"rendered":"KEN SHIN KAN ARGENTINA"},"content":{"rendered":"\n<figure class=\"wp-block-image aligncenter size-large is-resized\"><a href=\"https:\/\/kenshinkan.com.ar\/escuela\/wp-content\/uploads\/2026\/02\/Diseno-sin-titulo_20260226_152739_0000-scaled.png\"><img loading=\"lazy\" decoding=\"async\" width=\"1024\" height=\"512\" src=\"https:\/\/kenshinkan.com.ar\/escuela\/wp-content\/uploads\/2026\/02\/Diseno-sin-titulo_20260226_152739_0000-1024x512.png\" alt=\"\" class=\"wp-image-195\" style=\"aspect-ratio:2.000030518509476;width:1143px;height:auto\" srcset=\"https:\/\/kenshinkan.com.ar\/escuela\/wp-content\/uploads\/2026\/02\/Diseno-sin-titulo_20260226_152739_0000-1024x512.png 1024w, https:\/\/kenshinkan.com.ar\/escuela\/wp-content\/uploads\/2026\/02\/Diseno-sin-titulo_20260226_152739_0000-300x150.png 300w, https:\/\/kenshinkan.com.ar\/escuela\/wp-content\/uploads\/2026\/02\/Diseno-sin-titulo_20260226_152739_0000-768x384.png 768w, https:\/\/kenshinkan.com.ar\/escuela\/wp-content\/uploads\/2026\/02\/Diseno-sin-titulo_20260226_152739_0000-1536x768.png 1536w, https:\/\/kenshinkan.com.ar\/escuela\/wp-content\/uploads\/2026\/02\/Diseno-sin-titulo_20260226_152739_0000-2048x1024.png 2048w\" sizes=\"auto, (max-width: 1024px) 100vw, 1024px\" \/><\/a><\/figure>\n\n\n\n<div style=\"height:104px\" aria-hidden=\"true\" class=\"wp-block-spacer\"><\/div>\n\n\n\n<h4 class=\"wp-block-heading has-text-align-center\">\u00abBienvenidos a la plataforma oficial Ken Shin Kan Goju Ryu en el Argentina. Honramos la herencia hist\u00f3rica de nuestro estilo con el respaldo de la Direcci\u00f3n de nuestros l\u00edderes, asegurando que la tradici\u00f3n se mantenga \u00edntegra y protegida en toda la Rep\u00fablica Argentina.\u00bb<\/h4>\n\n\n\n<div style=\"height:47px\" aria-hidden=\"true\" class=\"wp-block-spacer\"><\/div>\n\n\n\n<h2 class=\"wp-block-heading has-text-align-center has-vivid-red-color has-text-color has-link-color has-large-font-size wp-elements-98c61ded84f46dc23e15434be938fe0d\">SEDES OFICIALES<\/h2>\n\n\n\n<p class=\"has-border-color has-ast-global-color-4-border-color has-medium-font-size\" style=\"border-width:10px\">\u00abBajo la unificaci\u00f3n de este portal oficial, la Escuela Mundial de Karate-Do Ken Shin Kan Goju Ryu coordina y avala la pr\u00e1ctica del estilo en toda la Rep\u00fablica Argentina en las provincias de C\u00f3rdoba y San Juan.\u00bb<\/p>\n\n\n\n<h2 class=\"wp-block-heading has-vivid-red-color has-text-color has-link-color has-medium-font-size wp-elements-e967937724dec1e17098272a8f603ca6\"> Red Nacional de Dojos autorizados en Argentina<\/h2>\n\n\n\n<p class=\"has-border-color has-ast-global-color-4-border-color has-medium-font-size\" style=\"border-width:10px\">Aqu\u00ed encontrar\u00e1s los \u00fanicos espacios que cuentan con el aval de la Direcci\u00f3n general para la ense\u00f1anza del estilo Ken Shin Kan Goju Ryu.<\/p>\n\n\n\n<h2 class=\"wp-block-heading has-text-align-center has-ast-global-color-4-color has-ast-global-color-8-background-color has-text-color has-background has-link-color wp-elements-6ecb08fa62a745774c6554baae29956a\">C\u00f3rdoba<\/h2>\n\n\n\n<p class=\"has-text-align-left has-medium-font-size\"><strong>Direcci\u00f3n T\u00e9cnica<\/strong><\/p>\n\n\n\n<p class=\"has-text-align-left has-medium-font-size\">Sensei <strong>Jos\u00e9 Alberto D\u00edaz<\/strong> (7\u00ba Dan) &#8211; Licenciado en Educaci\u00f3n F\u00edsica<\/p>\n\n\n\n<p class=\"has-text-align-left has-medium-font-size\">Sensei <strong>Claudia Ver\u00f3nica Biasizzo<\/strong> (5\u00ba Dan) &#8211; Licenciada en Educaci\u00f3n F\u00edsica<\/p>\n\n\n\n<p class=\"has-text-align-left has-medium-font-size\"><strong>Sede Central C\u00f3rdoba<\/strong><\/p>\n\n\n\n<p class=\"has-text-align-left has-medium-font-size\">&gt;\ud83d\udccd Ushuaia 2022, B\u00b0 Santa Isabel 2da Secci\u00f3n.<\/p>\n\n\n\n<p class=\"has-text-align-left has-medium-font-size\">&gt; \ud83d\udcde Consultas por Whatsapp: <a href=\"Https:\/\/wa-me\/+5493516657316\">+5493516657316<\/a> , <a href=\"Https:\/\/wa-me\/+5493515506034\">+5493515506034<\/a><\/p>\n\n\n\n<figure class=\"wp-block-image size-full\"><a href=\"https:\/\/kenshinkan.com.ar\/escuela\/wp-content\/uploads\/2026\/02\/1000015253.png\"><img loading=\"lazy\" decoding=\"async\" width=\"2496\" height=\"1194\" src=\"https:\/\/kenshinkan.com.ar\/escuela\/wp-content\/uploads\/2026\/02\/1000015253.png\" alt=\"\" class=\"wp-image-89\" srcset=\"https:\/\/kenshinkan.com.ar\/escuela\/wp-content\/uploads\/2026\/02\/1000015253.png 2496w, https:\/\/kenshinkan.com.ar\/escuela\/wp-content\/uploads\/2026\/02\/1000015253-300x144.png 300w, https:\/\/kenshinkan.com.ar\/escuela\/wp-content\/uploads\/2026\/02\/1000015253-1024x490.png 1024w, https:\/\/kenshinkan.com.ar\/escuela\/wp-content\/uploads\/2026\/02\/1000015253-768x367.png 768w, https:\/\/kenshinkan.com.ar\/escuela\/wp-content\/uploads\/2026\/02\/1000015253-1536x735.png 1536w, https:\/\/kenshinkan.com.ar\/escuela\/wp-content\/uploads\/2026\/02\/1000015253-2048x980.png 2048w\" sizes=\"auto, (max-width: 2496px) 100vw, 2496px\" \/><\/a><\/figure>\n\n\n\n<div class=\"wp-block-buttons is-content-justification-center is-layout-flex wp-container-core-buttons-is-layout-a89b3969 wp-block-buttons-is-layout-flex\">\n<div class=\"wp-block-button is-style-fill\"><a class=\"wp-block-button__link has-ast-global-color-4-color has-ast-global-color-8-background-color has-text-color has-background has-link-color wp-element-button\" href=\"https:\/\/maps.app.goo.gl\/zHgkFjjWcqbR9ucv9\" target=\"_blank\" rel=\"noopener\">\u00bfC\u00f3mo llegar?<\/a><\/div>\n<\/div>\n\n\n\n<h2 class=\"wp-block-heading has-text-align-center has-ast-global-color-4-color has-ast-global-color-8-background-color has-text-color has-background has-link-color wp-elements-1db1cd6a6512e4251057929f976094c4\">San Juan<\/h2>\n\n\n\n<p class=\"has-text-align-left has-medium-font-size\"><strong>Direcci\u00f3n T\u00e9cnica<\/strong><\/p>\n\n\n\n<p class=\"has-text-align-left has-medium-font-size\">Sensei <strong>Sahid Antonio Yazzar<\/strong> &#8211; (5\u00ba Dan) <\/p>\n\n\n\n<p class=\"has-text-align-left has-medium-font-size\"><strong>Sede San Juan<\/strong><\/p>\n\n\n\n<p class=\"has-medium-font-size\">\ud83d\udccd Rivadavia 1019 oeste &#8211; San Juan Capital.<\/p>\n\n\n\n<p class=\"has-medium-font-size\">\ud83d\udcde Consultas por WhatsApp: <a href=\"https:\/\/wa.me\/5492645040067\" target=\"_blank\" rel=\"noopener\">+5492645040067<\/a><\/p>\n\n\n\n<p class=\"has-text-align-left has-medium-font-size\">\ud83d\udce7 E-mail: sahid.yazzar@gmail.com<\/p>\n\n\n\n<iframe src=\"https:\/\/www.google.com\/maps\/embed?pb=!1m18!1m12!1m3!1d3400.123456789!2d-68.5358054!3d-31.5375!2m3!1f0!2f0!3f0!3m2!1i1024!2i768!4f13.1!3m3!1m2!1s0x9681404040404040%3A0x4040404040404040!2sRivadavia%201019%20Oeste%2C%20San%20Juan!5e0!3m2!1ses!2sar!4v1700000000000!5m2!1ses!2sar\" width=\"100%\" height=\"350\" style=\"border:0;\" allowfullscreen=\"\" loading=\"lazy\"><\/iframe>\n\n\n\n<div class=\"wp-block-buttons is-content-justification-center is-layout-flex wp-container-core-buttons-is-layout-72caf8c6 wp-block-buttons-is-layout-flex\">\n<div class=\"wp-block-button\"><a class=\"wp-block-button__link has-ast-global-color-8-background-color has-background wp-element-button\" href=\"https:\/\/www.google.com\/maps\/dir\/?api=1&amp;destination=-31.5374465,-68.5375545\" target=\"_blank\" rel=\"noopener\">\u00bfC\u00f3mo llegar?<\/a><\/div>\n<\/div>\n\n\n\n<p class=\"has-text-align-center has-vivid-red-color has-text-color has-link-color has-medium-font-size wp-elements-fdff9841fbb52b8314d13d78ec349498\">\u00abLa maestr\u00eda t\u00e9cnica nace de la perseverancia. Nuestro gu\u00eda, el Sensei Ra\u00fal Fern\u00e1ndez de la Reguera Silva, nos ense\u00f1\u00f3 que el camino del karate es infinito.\u00bb<\/p>\n","protected":false},"excerpt":{"rendered":"<p>\u00abBienvenidos a la plataforma oficial Ken Shin Kan Goju Ryu en el Argentina. Honramos la herencia hist\u00f3rica de nuestro estilo [&hellip;]<\/p>\n","protected":false},"author":2,"featured_media":0,"parent":0,"menu_order":0,"comment_status":"open","ping_status":"closed","template":"","meta":{"site-sidebar-layout":"default","site-content-layout":"","ast-site-content-layout":"default","site-content-style":"default","site-sidebar-style":"default","ast-global-header-display":"","ast-banner-title-visibility":"","ast-main-header-display":"","ast-hfb-above-header-display":"","ast-hfb-below-header-display":"","ast-hfb-mobile-header-display":"","site-post-title":"","ast-breadcrumbs-content":"","ast-featured-img":"disabled","footer-sml-layout":"","ast-disable-related-posts":"","theme-transparent-header-meta":"","adv-header-id-meta":"","stick-header-meta":"","header-above-stick-meta":"","header-main-stick-meta":"","header-below-stick-meta":"","astra-migrate-meta-layouts":"default","ast-page-background-enabled":"default","ast-page-background-meta":{"desktop":{"background-color":"var(--ast-global-color-5)","background-image":"","background-repeat":"repeat","background-position":"center center","background-size":"auto","background-attachment":"scroll","background-type":"","background-media":"","overlay-type":"","overlay-color":"","overlay-opacity":"","overlay-gradient":""},"tablet":{"background-color":"","background-image":"","background-repeat":"repeat","background-position":"center center","background-size":"auto","background-attachment":"scroll","background-type":"","background-media":"","overlay-type":"","overlay-color":"","overlay-opacity":"","overlay-gradient":""},"mobile":{"background-color":"","background-image":"","background-repeat":"repeat","background-position":"center center","background-size":"auto","background-attachment":"scroll","background-type":"","background-media":"","overlay-type":"","overlay-color":"","overlay-opacity":"","overlay-gradient":""}},"ast-content-background-meta":{"desktop":{"background-color":"var(--ast-global-color-4)","background-image":"","background-repeat":"repeat","background-position":"center center","background-size":"auto","background-attachment":"scroll","background-type":"","background-media":"","overlay-type":"","overlay-color":"","overlay-opacity":"","overlay-gradient":""},"tablet":{"background-color":"var(--ast-global-color-4)","background-image":"","background-repeat":"repeat","background-position":"center center","background-size":"auto","background-attachment":"scroll","background-type":"","background-media":"","overlay-type":"","overlay-color":"","overlay-opacity":"","overlay-gradient":""},"mobile":{"background-color":"var(--ast-global-color-4)","background-image":"","background-repeat":"repeat","background-position":"center center","background-size":"auto","background-attachment":"scroll","background-type":"","background-media":"","overlay-type":"","overlay-color":"","overlay-opacity":"","overlay-gradient":""}},"_joinchat":[],"footnotes":""},"class_list":["post-12","page","type-page","status-publish","hentry"],"_links":{"self":[{"href":"https:\/\/kenshinkan.com.ar\/escuela\/wp-json\/wp\/v2\/pages\/12","targetHints":{"allow":["GET"]}}],"collection":[{"href":"https:\/\/kenshinkan.com.ar\/escuela\/wp-json\/wp\/v2\/pages"}],"about":[{"href":"https:\/\/kenshinkan.com.ar\/escuela\/wp-json\/wp\/v2\/types\/page"}],"author":[{"embeddable":true,"href":"https:\/\/kenshinkan.com.ar\/escuela\/wp-json\/wp\/v2\/users\/2"}],"replies":[{"embeddable":true,"href":"https:\/\/kenshinkan.com.ar\/escuela\/wp-json\/wp\/v2\/comments?post=12"}],"version-history":[{"count":41,"href":"https:\/\/kenshinkan.com.ar\/escuela\/wp-json\/wp\/v2\/pages\/12\/revisions"}],"predecessor-version":[{"id":962,"href":"https:\/\/kenshinkan.com.ar\/escuela\/wp-json\/wp\/v2\/pages\/12\/revisions\/962"}],"wp:attachment":[{"href":"https:\/\/kenshinkan.com.ar\/escuela\/wp-json\/wp\/v2\/media?parent=12"}],"curies":[{"name":"wp","href":"https:\/\/api.w.org\/{rel}","templated":true}]}}