{"id":130,"date":"2026-02-18T00:16:27","date_gmt":"2026-02-18T00:16:27","guid":{"rendered":"https:\/\/kenshinkan.com.ar\/escuela\/?page_id=130"},"modified":"2026-03-06T12:53:13","modified_gmt":"2026-03-06T12:53:13","slug":"galeria-sede-cordoba","status":"publish","type":"page","link":"https:\/\/kenshinkan.com.ar\/escuela\/galeria-sede-cordoba\/","title":{"rendered":"Galer\u00eda C\u00f3rdoba"},"content":{"rendered":"\n<blockquote class=\"wp-block-quote is-layout-flow wp-block-quote-is-layout-flow\">\n<p class=\"has-text-align-left\">\u200b\u00bbNuestra sede en C\u00f3rdoba es un espacio de pr\u00e1ctica vibrante, donde el legado del Sensei Akamine se mantiene vivo a trav\u00e9s del esfuerzo diario. En esta secci\u00f3n compartimos los hitos de nuestra escuela: desde la intensidad de los <strong>torneos oficiales<\/strong> y el perfeccionamiento t\u00e9cnico en <strong>seminarios nacionales e internacionales<\/strong>, hasta la vida cotidiana en nuestro dojo.<\/p>\n\n\n\n<p>\u200bCada imagen y video refleja los pilares de la <strong>Ken Shin Kan<\/strong>: disciplina, respeto y la b\u00fasqueda constante de la excelencia en el Karate-Do.\u00bb<\/p>\n<\/blockquote>\n\n\n\n<figure class=\"wp-block-gallery has-nested-images columns-default is-cropped wp-block-gallery-1 is-layout-flex wp-block-gallery-is-layout-flex\">\n<figure class=\"wp-block-image aligncenter size-full has-custom-border\" style=\"margin-top:0;margin-right:var(--wp--preset--spacing--20);margin-bottom:0;margin-left:var(--wp--preset--spacing--20)\"><a href=\"https:\/\/kenshinkan.com.ar\/escuela\/wp-content\/uploads\/2026\/02\/Jose-Martinez-e-hija.jpg\"><img loading=\"lazy\" decoding=\"async\" width=\"430\" height=\"259\" data-id=\"179\" src=\"https:\/\/kenshinkan.com.ar\/escuela\/wp-content\/uploads\/2026\/02\/Jose-Martinez-e-hija.jpg\" alt=\"\" class=\"wp-image-179\" style=\"border-style:none;border-width:0px\" srcset=\"https:\/\/kenshinkan.com.ar\/escuela\/wp-content\/uploads\/2026\/02\/Jose-Martinez-e-hija.jpg 430w, https:\/\/kenshinkan.com.ar\/escuela\/wp-content\/uploads\/2026\/02\/Jose-Martinez-e-hija-300x181.jpg 300w\" sizes=\"auto, (max-width: 430px) 100vw, 430px\" \/><\/a><\/figure>\n<\/figure>\n\n\n\n<p class=\"has-text-align-center has-small-font-size\">\u00abCon gran cari\u00f1o y respeto recordamos a nuestro Shihan Sensei Raul Fernandez de la Reguera Silva.\u00bb<\/p>\n\n\n\n<div class=\"wp-block-columns is-layout-flex wp-container-core-columns-is-layout-9b070ed1 wp-block-columns-is-layout-flex\" style=\"padding-top:0;padding-right:var(--wp--preset--spacing--60);padding-bottom:0;padding-left:var(--wp--preset--spacing--60)\">\n<div class=\"wp-block-column is-layout-flow wp-block-column-is-layout-flow\">\n<figure class=\"wp-block-image aligncenter size-large\"><a href=\"https:\/\/kenshinkan.com.ar\/escuela\/wp-content\/uploads\/2026\/02\/WhatsApp-Image-2026-02-26-at-16.25.06-2.jpeg\"><img loading=\"lazy\" decoding=\"async\" width=\"587\" height=\"1024\" src=\"https:\/\/kenshinkan.com.ar\/escuela\/wp-content\/uploads\/2026\/02\/WhatsApp-Image-2026-02-26-at-16.25.06-2-587x1024.jpeg\" alt=\"\" class=\"wp-image-263\" srcset=\"https:\/\/kenshinkan.com.ar\/escuela\/wp-content\/uploads\/2026\/02\/WhatsApp-Image-2026-02-26-at-16.25.06-2-587x1024.jpeg 587w, https:\/\/kenshinkan.com.ar\/escuela\/wp-content\/uploads\/2026\/02\/WhatsApp-Image-2026-02-26-at-16.25.06-2-172x300.jpeg 172w, https:\/\/kenshinkan.com.ar\/escuela\/wp-content\/uploads\/2026\/02\/WhatsApp-Image-2026-02-26-at-16.25.06-2.jpeg 763w\" sizes=\"auto, (max-width: 587px) 100vw, 587px\" \/><\/a><\/figure>\n\n\n\n<p class=\"has-text-align-center has-small-font-size\">Foto: Director General Ken Shin Kan Sensei Ra\u00fal Fern\u00e1ndez de la Reguera Rivera y Director Ken Shin Kan Sensei Jos\u00e9 Alberto D\u00edaz en C\u00f3rdoba- Argentina. (A\u00f1o 2025)<\/p>\n\n\n\n<figure class=\"wp-block-image aligncenter size-full\"><a href=\"https:\/\/kenshinkan.com.ar\/escuela\/wp-content\/uploads\/2026\/02\/IMG-20260227-WA0072.jpg\"><img loading=\"lazy\" decoding=\"async\" width=\"960\" height=\"720\" src=\"https:\/\/kenshinkan.com.ar\/escuela\/wp-content\/uploads\/2026\/02\/IMG-20260227-WA0072.jpg\" alt=\"\" class=\"wp-image-302\" srcset=\"https:\/\/kenshinkan.com.ar\/escuela\/wp-content\/uploads\/2026\/02\/IMG-20260227-WA0072.jpg 960w, https:\/\/kenshinkan.com.ar\/escuela\/wp-content\/uploads\/2026\/02\/IMG-20260227-WA0072-300x225.jpg 300w, https:\/\/kenshinkan.com.ar\/escuela\/wp-content\/uploads\/2026\/02\/IMG-20260227-WA0072-768x576.jpg 768w\" sizes=\"auto, (max-width: 960px) 100vw, 960px\" \/><\/a><\/figure>\n<\/div>\n<\/div>\n\n\n\n<p class=\"has-text-align-center has-small-font-size\">Examen 2\u00ba Dan Ken Shin Kan de Yanet D\u00edaz Biasizzo.    Foto: Director General Ken Shin Kan Sensei Ra\u00fal Fern\u00e1ndez de la Reguera Rivera y Concejo de Ancianos. (Marzo 2025)<\/p>\n\n\n\n<div style=\"height:20px\" aria-hidden=\"true\" class=\"wp-block-spacer\"><\/div>\n\n\n\n<h2 class=\"wp-block-heading has-ast-global-color-6-color has-text-color has-link-color wp-elements-a93be5124e069a8f5d5caa243c77fe40\">Conoce nuestro Dojo:<\/h2>\n\n\n\n<div class=\"wp-block-columns is-layout-flex wp-container-core-columns-is-layout-cad298ab wp-block-columns-is-layout-flex\" style=\"padding-right:var(--wp--preset--spacing--60);padding-left:var(--wp--preset--spacing--60)\">\n<div class=\"wp-block-column is-layout-flow wp-block-column-is-layout-flow\">\n<figure class=\"wp-block-embed is-type-video is-provider-youtube wp-block-embed-youtube wp-embed-aspect-9-16 wp-has-aspect-ratio\" style=\"margin-right:var(--wp--preset--spacing--50);margin-left:var(--wp--preset--spacing--50)\"><div class=\"wp-block-embed__wrapper\">\n<iframe loading=\"lazy\" title=\"Bienvenido 2026\" width=\"422\" height=\"750\" src=\"https:\/\/www.youtube.com\/embed\/p-zSmV0GwbE?feature=oembed\" frameborder=\"0\" allow=\"accelerometer; autoplay; clipboard-write; encrypted-media; gyroscope; picture-in-picture; web-share\" referrerpolicy=\"strict-origin-when-cross-origin\" allowfullscreen><\/iframe>\n<\/div><\/figure>\n<\/div>\n\n\n\n<div class=\"wp-block-column is-layout-flow wp-block-column-is-layout-flow\">\n<figure class=\"wp-block-embed is-type-video is-provider-youtube wp-block-embed-youtube wp-embed-aspect-9-16 wp-has-aspect-ratio\" style=\"margin-right:var(--wp--preset--spacing--50);margin-left:var(--wp--preset--spacing--50)\"><div class=\"wp-block-embed__wrapper\">\n<iframe loading=\"lazy\" title=\"Karate 2026\" width=\"422\" height=\"750\" src=\"https:\/\/www.youtube.com\/embed\/lBZWZrZTz34?feature=oembed\" frameborder=\"0\" allow=\"accelerometer; autoplay; clipboard-write; encrypted-media; gyroscope; picture-in-picture; web-share\" referrerpolicy=\"strict-origin-when-cross-origin\" allowfullscreen><\/iframe>\n<\/div><\/figure>\n<\/div>\n<\/div>\n\n\n\n<h2 class=\"wp-block-heading\">Conoce las actividades que a\u00f1o a a\u00f1o vamos desarrollando: <\/h2>\n\n\n\n<p>Haz clic en los botones de cada galer\u00eda de fotos.<\/p>\n\n\n\n<div class=\"wp-block-columns is-layout-flex wp-container-core-columns-is-layout-28f84493 wp-block-columns-is-layout-flex\">\n<div class=\"wp-block-column is-layout-flow wp-block-column-is-layout-flow\">\n<div class=\"wp-block-cover is-light\" style=\"min-height:887px;aspect-ratio:unset;\"><span aria-hidden=\"true\" class=\"wp-block-cover__background has-cyan-bluish-gray-background-color has-background-dim\"><\/span><div class=\"wp-block-cover__inner-container is-layout-constrained wp-block-cover-is-layout-constrained\">\n<figure class=\"wp-block-image aligncenter size-large\"><a href=\"https:\/\/kenshinkan.com.ar\/escuela\/wp-content\/uploads\/2026\/02\/IMG-20260227-WA0024.jpg\"><img loading=\"lazy\" decoding=\"async\" width=\"1024\" height=\"768\" src=\"https:\/\/kenshinkan.com.ar\/escuela\/wp-content\/uploads\/2026\/02\/IMG-20260227-WA0024-1024x768.jpg\" alt=\"\" class=\"wp-image-247\" srcset=\"https:\/\/kenshinkan.com.ar\/escuela\/wp-content\/uploads\/2026\/02\/IMG-20260227-WA0024-1024x768.jpg 1024w, https:\/\/kenshinkan.com.ar\/escuela\/wp-content\/uploads\/2026\/02\/IMG-20260227-WA0024-300x225.jpg 300w, https:\/\/kenshinkan.com.ar\/escuela\/wp-content\/uploads\/2026\/02\/IMG-20260227-WA0024-768x576.jpg 768w, https:\/\/kenshinkan.com.ar\/escuela\/wp-content\/uploads\/2026\/02\/IMG-20260227-WA0024-1536x1152.jpg 1536w, https:\/\/kenshinkan.com.ar\/escuela\/wp-content\/uploads\/2026\/02\/IMG-20260227-WA0024.jpg 1600w\" sizes=\"auto, (max-width: 1024px) 100vw, 1024px\" \/><\/a><\/figure>\n\n\n\n<div class=\"wp-block-buttons is-layout-flex wp-block-buttons-is-layout-flex\">\n<div class=\"wp-block-button\"><a class=\"wp-block-button__link has-ast-global-color-8-background-color has-background has-small-font-size has-custom-font-size wp-element-button\" href=\"https:\/\/kenshinkan.com.ar\/escuela\/seminario-internacional-en-cordoba\/\">Seminario en C\u00f3rdoba 2025<\/a><\/div>\n\n\n\n<div class=\"wp-block-button\"><a class=\"wp-block-button__link has-ast-global-color-8-background-color has-background has-small-font-size has-custom-font-size wp-element-button\" href=\"https:\/\/kenshinkan.com.ar\/escuela\/capacitacion-continua\/\">Seminario en Chile 2025<\/a><\/div>\n\n\n\n<div class=\"wp-block-button\"><a class=\"wp-block-button__link has-ast-global-color-8-background-color has-background has-small-font-size has-custom-font-size wp-element-button\" href=\"https:\/\/kenshinkan.com.ar\/escuela\/mesa-de-examen\/\">Mesa de examen        <\/a><\/div>\n\n\n\n<div class=\"wp-block-button\"><a class=\"wp-block-button__link has-ast-global-color-8-background-color has-background has-small-font-size has-custom-font-size wp-element-button\">Capacitaciones   <\/a><\/div>\n\n\n\n<div class=\"wp-block-button\"><a class=\"wp-block-button__link has-ast-global-color-8-background-color has-background has-small-font-size has-custom-font-size wp-element-button\" href=\"https:\/\/kenshinkan.com.ar\/escuela\/liga-deportiva-infantil\/\">Liga deportiva 2025<\/a><\/div>\n\n\n\n<div class=\"wp-block-button\"><a class=\"wp-block-button__link has-ast-global-color-8-background-color has-background has-small-font-size has-custom-font-size wp-element-button\" href=\"https:\/\/kenshinkan.com.ar\/escuela\/camaraderia-ksk\/\" style=\"padding-right:var(--wp--preset--spacing--40);padding-left:var(--wp--preset--spacing--40)\">Camarader\u00eda KSK .<\/a><\/div>\n\n\n\n<div class=\"wp-block-button\"><a class=\"wp-block-button__link has-ast-global-color-8-background-color has-background has-small-font-size has-custom-font-size wp-element-button\" href=\"https:\/\/kenshinkan.com.ar\/escuela\/el-dia-a-dia-en-el-dojo\/ i\" style=\"padding-right:var(--wp--preset--spacing--40);padding-left:var(--wp--preset--spacing--40)\">D\u00eda a d\u00eda en el Dojo<\/a><\/div>\n<\/div>\n<\/div><\/div>\n<\/div>\n<\/div>\n\n\n\n<h2 class=\"wp-block-heading\">Ahora, conoce las actividades Deportivas Federadas en las que participamos:<\/h2>\n\n\n\n<p>Haz clic en los botones de cada galer\u00eda de fotos.<\/p>\n\n\n\n<div style=\"height:20px\" aria-hidden=\"true\" class=\"wp-block-spacer\"><\/div>\n\n\n\n<div class=\"wp-block-cover is-light\"><span aria-hidden=\"true\" class=\"wp-block-cover__background has-cyan-bluish-gray-background-color has-background-dim-100 has-background-dim\"><\/span><div class=\"wp-block-cover__inner-container is-layout-constrained wp-block-cover-is-layout-constrained\">\n<figure class=\"wp-block-image size-large is-resized\"><a href=\"https:\/\/kenshinkan.com.ar\/escuela\/wp-content\/uploads\/2026\/02\/IMG-20250426-WA0088.jpg\"><img loading=\"lazy\" decoding=\"async\" width=\"768\" height=\"1024\" src=\"https:\/\/kenshinkan.com.ar\/escuela\/wp-content\/uploads\/2026\/02\/IMG-20250426-WA0088-768x1024.jpg\" alt=\"\" class=\"wp-image-318\" style=\"width:1164px;height:auto\" srcset=\"https:\/\/kenshinkan.com.ar\/escuela\/wp-content\/uploads\/2026\/02\/IMG-20250426-WA0088-768x1024.jpg 768w, https:\/\/kenshinkan.com.ar\/escuela\/wp-content\/uploads\/2026\/02\/IMG-20250426-WA0088-225x300.jpg 225w, https:\/\/kenshinkan.com.ar\/escuela\/wp-content\/uploads\/2026\/02\/IMG-20250426-WA0088-1152x1536.jpg 1152w, https:\/\/kenshinkan.com.ar\/escuela\/wp-content\/uploads\/2026\/02\/IMG-20250426-WA0088.jpg 1200w\" sizes=\"auto, (max-width: 768px) 100vw, 768px\" \/><\/a><\/figure>\n\n\n\n<div class=\"wp-block-buttons is-layout-flex wp-block-buttons-is-layout-flex\">\n<div class=\"wp-block-button\"><a class=\"wp-block-button__link has-ast-global-color-8-background-color has-background wp-element-button\">Torneos provinciales <\/a><\/div>\n\n\n\n<div class=\"wp-block-button\"><a class=\"wp-block-button__link has-ast-global-color-8-background-color has-background wp-element-button\" href=\"https:\/\/kenshinkan.com.ar\/escuela\/torneo-argentino-2025-cordoba\/\">Torneos nacionales <\/a><\/div>\n\n\n\n<div class=\"wp-block-button\"><a class=\"wp-block-button__link has-ast-global-color-8-background-color has-background wp-element-button\" href=\"https:\/\/kenshinkan.com.ar\/escuela\/torneos-cordoba-juega\/\">Torneo C\u00f3rdoba Juega<\/a><\/div>\n\n\n\n<div class=\"wp-block-button\"><a class=\"wp-block-button__link has-ast-global-color-8-background-color has-background wp-element-button\">Torneo Juegos nacionales Evita<\/a><\/div>\n\n\n\n<div class=\"wp-block-button\"><a class=\"wp-block-button__link has-ast-global-color-8-background-color has-background wp-element-button\">Torneos Internacionales<\/a><\/div>\n\n\n\n<div class=\"wp-block-button\"><a class=\"wp-block-button__link has-ast-global-color-8-background-color has-background wp-element-button\">Arbitraje<\/a><\/div>\n<\/div>\n<\/div><\/div>\n\n\n\n<p><\/p>\n","protected":false},"excerpt":{"rendered":"<p>\u200b\u00bbNuestra sede en C\u00f3rdoba es un espacio de pr\u00e1ctica vibrante, donde el legado del Sensei Akamine se mantiene vivo a [&hellip;]<\/p>\n","protected":false},"author":2,"featured_media":0,"parent":0,"menu_order":0,"comment_status":"closed","ping_status":"closed","template":"","meta":{"site-sidebar-layout":"right-sidebar","site-content-layout":"","ast-site-content-layout":"default","site-content-style":"boxed","site-sidebar-style":"default","ast-global-header-display":"","ast-banner-title-visibility":"","ast-main-header-display":"","ast-hfb-above-header-display":"","ast-hfb-below-header-display":"","ast-hfb-mobile-header-display":"","site-post-title":"","ast-breadcrumbs-content":"","ast-featured-img":"","footer-sml-layout":"","ast-disable-related-posts":"","theme-transparent-header-meta":"","adv-header-id-meta":"","stick-header-meta":"","header-above-stick-meta":"","header-main-stick-meta":"","header-below-stick-meta":"","astra-migrate-meta-layouts":"default","ast-page-background-enabled":"default","ast-page-background-meta":{"desktop":{"background-color":"var(--ast-global-color-5)","background-image":"","background-repeat":"repeat","background-position":"center center","background-size":"auto","background-attachment":"scroll","background-type":"","background-media":"","overlay-type":"","overlay-color":"","overlay-opacity":"","overlay-gradient":""},"tablet":{"background-color":"","background-image":"","background-repeat":"repeat","background-position":"center center","background-size":"auto","background-attachment":"scroll","background-type":"","background-media":"","overlay-type":"","overlay-color":"","overlay-opacity":"","overlay-gradient":""},"mobile":{"background-color":"","background-image":"","background-repeat":"repeat","background-position":"center center","background-size":"auto","background-attachment":"scroll","background-type":"","background-media":"","overlay-type":"","overlay-color":"","overlay-opacity":"","overlay-gradient":""}},"ast-content-background-meta":{"desktop":{"background-color":"var(--ast-global-color-4)","background-image":"","background-repeat":"repeat","background-position":"center center","background-size":"auto","background-attachment":"scroll","background-type":"","background-media":"","overlay-type":"","overlay-color":"","overlay-opacity":"","overlay-gradient":""},"tablet":{"background-color":"var(--ast-global-color-4)","background-image":"","background-repeat":"repeat","background-position":"center center","background-size":"auto","background-attachment":"scroll","background-type":"","background-media":"","overlay-type":"","overlay-color":"","overlay-opacity":"","overlay-gradient":""},"mobile":{"background-color":"var(--ast-global-color-4)","background-image":"","background-repeat":"repeat","background-position":"center center","background-size":"auto","background-attachment":"scroll","background-type":"","background-media":"","overlay-type":"","overlay-color":"","overlay-opacity":"","overlay-gradient":""}},"_joinchat":[],"footnotes":""},"class_list":["post-130","page","type-page","status-publish","hentry"],"_links":{"self":[{"href":"https:\/\/kenshinkan.com.ar\/escuela\/wp-json\/wp\/v2\/pages\/130","targetHints":{"allow":["GET"]}}],"collection":[{"href":"https:\/\/kenshinkan.com.ar\/escuela\/wp-json\/wp\/v2\/pages"}],"about":[{"href":"https:\/\/kenshinkan.com.ar\/escuela\/wp-json\/wp\/v2\/types\/page"}],"author":[{"embeddable":true,"href":"https:\/\/kenshinkan.com.ar\/escuela\/wp-json\/wp\/v2\/users\/2"}],"replies":[{"embeddable":true,"href":"https:\/\/kenshinkan.com.ar\/escuela\/wp-json\/wp\/v2\/comments?post=130"}],"version-history":[{"count":87,"href":"https:\/\/kenshinkan.com.ar\/escuela\/wp-json\/wp\/v2\/pages\/130\/revisions"}],"predecessor-version":[{"id":613,"href":"https:\/\/kenshinkan.com.ar\/escuela\/wp-json\/wp\/v2\/pages\/130\/revisions\/613"}],"wp:attachment":[{"href":"https:\/\/kenshinkan.com.ar\/escuela\/wp-json\/wp\/v2\/media?parent=130"}],"curies":[{"name":"wp","href":"https:\/\/api.w.org\/{rel}","templated":true}]}}