{"id":352,"date":"2026-02-27T16:50:43","date_gmt":"2026-02-27T16:50:43","guid":{"rendered":"https:\/\/kenshinkan.com.ar\/escuela\/?page_id=352"},"modified":"2026-03-05T14:53:01","modified_gmt":"2026-03-05T14:53:01","slug":"capacitacion-continua","status":"publish","type":"page","link":"https:\/\/kenshinkan.com.ar\/escuela\/capacitacion-continua\/","title":{"rendered":"Seminario En Chile, septiembre 2025"},"content":{"rendered":"\n<h2 class=\"wp-block-heading\">Capacitaci\u00f3n Cont\u00ednua<\/h2>\n\n\n\n<div class=\"wp-block-cover\" style=\"min-height:251px;aspect-ratio:unset;\"><span aria-hidden=\"true\" class=\"wp-block-cover__background has-ast-global-color-8-background-color has-background-dim-100 has-background-dim\"><\/span><div class=\"wp-block-cover__inner-container is-layout-constrained wp-block-cover-is-layout-constrained\">\n<p class=\"has-text-align-center has-ast-global-color-4-color has-text-color has-link-color has-medium-font-size wp-elements-49326a37541588a200e2c9bfc5266b2d\">\u200b\u00bbLa <strong>capacitaci\u00f3n cont\u00ednua<\/strong> es el pilar que permite a nuestros instructores y alumnos mantener la pureza de la t\u00e9cnica del estilo Ken Shin Kan Goju Ryu, adapt\u00e1ndola a las exigencias f\u00edsicas y pedag\u00f3gicas actuales. Participar en seminarios, cursos de arbitraje y encuentros t\u00e9cnicos internacionales es un compromiso con la excelencia y el respeto por la tradici\u00f3n.\u00bb<\/p>\n<\/div><\/div>\n\n\n\n<div style=\"height:20px\" aria-hidden=\"true\" class=\"wp-block-spacer\"><\/div>\n\n\n\n<figure class=\"wp-block-embed is-type-video is-provider-youtube wp-block-embed-youtube wp-embed-aspect-9-16 wp-has-aspect-ratio\"><div class=\"wp-block-embed__wrapper\">\n<iframe loading=\"lazy\" title=\"27 de febrero de 2026\" width=\"422\" height=\"750\" src=\"https:\/\/www.youtube.com\/embed\/blwjYfKSqMc?feature=oembed\" frameborder=\"0\" allow=\"accelerometer; autoplay; clipboard-write; encrypted-media; gyroscope; picture-in-picture; web-share\" referrerpolicy=\"strict-origin-when-cross-origin\" allowfullscreen><\/iframe>\n<\/div><\/figure>\n\n\n\n<figure class=\"wp-block-image aligncenter size-full is-resized\"><a href=\"https:\/\/kenshinkan.com.ar\/escuela\/wp-content\/uploads\/2026\/02\/IMG-20250906-WA0042.jpg\"><img loading=\"lazy\" decoding=\"async\" width=\"1600\" height=\"481\" src=\"https:\/\/kenshinkan.com.ar\/escuela\/wp-content\/uploads\/2026\/02\/IMG-20250906-WA0042.jpg\" alt=\"\" class=\"wp-image-328\" style=\"aspect-ratio:3.3264582130187277;width:729px;height:auto\" srcset=\"https:\/\/kenshinkan.com.ar\/escuela\/wp-content\/uploads\/2026\/02\/IMG-20250906-WA0042.jpg 1600w, https:\/\/kenshinkan.com.ar\/escuela\/wp-content\/uploads\/2026\/02\/IMG-20250906-WA0042-300x90.jpg 300w, https:\/\/kenshinkan.com.ar\/escuela\/wp-content\/uploads\/2026\/02\/IMG-20250906-WA0042-1024x308.jpg 1024w, https:\/\/kenshinkan.com.ar\/escuela\/wp-content\/uploads\/2026\/02\/IMG-20250906-WA0042-768x231.jpg 768w, https:\/\/kenshinkan.com.ar\/escuela\/wp-content\/uploads\/2026\/02\/IMG-20250906-WA0042-1536x462.jpg 1536w\" sizes=\"auto, (max-width: 1600px) 100vw, 1600px\" \/><\/a><\/figure>\n\n\n\n<figure class=\"wp-block-gallery has-nested-images columns-default is-cropped wp-block-gallery-1 is-layout-flex wp-block-gallery-is-layout-flex\">\n<figure class=\"wp-block-image size-large\"><a href=\"https:\/\/kenshinkan.com.ar\/escuela\/wp-content\/uploads\/2026\/02\/IMG-20250908-WA0004.jpg\"><img loading=\"lazy\" decoding=\"async\" width=\"1024\" height=\"473\" data-id=\"326\" src=\"https:\/\/kenshinkan.com.ar\/escuela\/wp-content\/uploads\/2026\/02\/IMG-20250908-WA0004-1024x473.jpg\" alt=\"\" class=\"wp-image-326\" srcset=\"https:\/\/kenshinkan.com.ar\/escuela\/wp-content\/uploads\/2026\/02\/IMG-20250908-WA0004-1024x473.jpg 1024w, https:\/\/kenshinkan.com.ar\/escuela\/wp-content\/uploads\/2026\/02\/IMG-20250908-WA0004-300x139.jpg 300w, https:\/\/kenshinkan.com.ar\/escuela\/wp-content\/uploads\/2026\/02\/IMG-20250908-WA0004-768x355.jpg 768w, https:\/\/kenshinkan.com.ar\/escuela\/wp-content\/uploads\/2026\/02\/IMG-20250908-WA0004-1536x709.jpg 1536w, https:\/\/kenshinkan.com.ar\/escuela\/wp-content\/uploads\/2026\/02\/IMG-20250908-WA0004.jpg 1600w\" sizes=\"auto, (max-width: 1024px) 100vw, 1024px\" \/><\/a><\/figure>\n\n\n\n<figure class=\"wp-block-image size-large\"><a href=\"https:\/\/kenshinkan.com.ar\/escuela\/wp-content\/uploads\/2026\/02\/IMG-20250908-WA0005.jpg\"><img loading=\"lazy\" decoding=\"async\" width=\"1024\" height=\"473\" data-id=\"315\" src=\"https:\/\/kenshinkan.com.ar\/escuela\/wp-content\/uploads\/2026\/02\/IMG-20250908-WA0005-1024x473.jpg\" alt=\"\" class=\"wp-image-315\" srcset=\"https:\/\/kenshinkan.com.ar\/escuela\/wp-content\/uploads\/2026\/02\/IMG-20250908-WA0005-1024x473.jpg 1024w, https:\/\/kenshinkan.com.ar\/escuela\/wp-content\/uploads\/2026\/02\/IMG-20250908-WA0005-300x139.jpg 300w, https:\/\/kenshinkan.com.ar\/escuela\/wp-content\/uploads\/2026\/02\/IMG-20250908-WA0005-768x355.jpg 768w, https:\/\/kenshinkan.com.ar\/escuela\/wp-content\/uploads\/2026\/02\/IMG-20250908-WA0005-1536x709.jpg 1536w, https:\/\/kenshinkan.com.ar\/escuela\/wp-content\/uploads\/2026\/02\/IMG-20250908-WA0005.jpg 1600w\" sizes=\"auto, (max-width: 1024px) 100vw, 1024px\" \/><\/a><\/figure>\n<\/figure>\n\n\n\n<figure class=\"wp-block-gallery has-nested-images columns-default is-cropped wp-block-gallery-2 is-layout-flex wp-block-gallery-is-layout-flex\">\n<figure class=\"wp-block-image size-large\"><a href=\"https:\/\/kenshinkan.com.ar\/escuela\/wp-content\/uploads\/2026\/02\/IMG-20260227-WA0071.jpg\"><img loading=\"lazy\" decoding=\"async\" width=\"1024\" height=\"768\" data-id=\"359\" src=\"https:\/\/kenshinkan.com.ar\/escuela\/wp-content\/uploads\/2026\/02\/IMG-20260227-WA0071-1024x768.jpg\" alt=\"\" class=\"wp-image-359\" srcset=\"https:\/\/kenshinkan.com.ar\/escuela\/wp-content\/uploads\/2026\/02\/IMG-20260227-WA0071-1024x768.jpg 1024w, https:\/\/kenshinkan.com.ar\/escuela\/wp-content\/uploads\/2026\/02\/IMG-20260227-WA0071-300x225.jpg 300w, https:\/\/kenshinkan.com.ar\/escuela\/wp-content\/uploads\/2026\/02\/IMG-20260227-WA0071-768x576.jpg 768w, https:\/\/kenshinkan.com.ar\/escuela\/wp-content\/uploads\/2026\/02\/IMG-20260227-WA0071.jpg 1280w\" sizes=\"auto, (max-width: 1024px) 100vw, 1024px\" \/><\/a><\/figure>\n\n\n\n<figure class=\"wp-block-image size-large\"><a href=\"https:\/\/kenshinkan.com.ar\/escuela\/wp-content\/uploads\/2026\/02\/IMG-20260227-WA0073.jpg\"><img loading=\"lazy\" decoding=\"async\" width=\"768\" height=\"1024\" data-id=\"360\" src=\"https:\/\/kenshinkan.com.ar\/escuela\/wp-content\/uploads\/2026\/02\/IMG-20260227-WA0073-768x1024.jpg\" alt=\"\" class=\"wp-image-360\" srcset=\"https:\/\/kenshinkan.com.ar\/escuela\/wp-content\/uploads\/2026\/02\/IMG-20260227-WA0073-768x1024.jpg 768w, https:\/\/kenshinkan.com.ar\/escuela\/wp-content\/uploads\/2026\/02\/IMG-20260227-WA0073-225x300.jpg 225w, https:\/\/kenshinkan.com.ar\/escuela\/wp-content\/uploads\/2026\/02\/IMG-20260227-WA0073.jpg 1080w\" sizes=\"auto, (max-width: 768px) 100vw, 768px\" \/><\/a><\/figure>\n\n\n\n<figure class=\"wp-block-image size-large\"><a href=\"https:\/\/kenshinkan.com.ar\/escuela\/wp-content\/uploads\/2026\/02\/IMG-20260227-WA0064.jpg\"><img loading=\"lazy\" decoding=\"async\" width=\"1024\" height=\"768\" data-id=\"358\" src=\"https:\/\/kenshinkan.com.ar\/escuela\/wp-content\/uploads\/2026\/02\/IMG-20260227-WA0064-1024x768.jpg\" alt=\"\" class=\"wp-image-358\" srcset=\"https:\/\/kenshinkan.com.ar\/escuela\/wp-content\/uploads\/2026\/02\/IMG-20260227-WA0064-1024x768.jpg 1024w, https:\/\/kenshinkan.com.ar\/escuela\/wp-content\/uploads\/2026\/02\/IMG-20260227-WA0064-300x225.jpg 300w, https:\/\/kenshinkan.com.ar\/escuela\/wp-content\/uploads\/2026\/02\/IMG-20260227-WA0064-768x576.jpg 768w, https:\/\/kenshinkan.com.ar\/escuela\/wp-content\/uploads\/2026\/02\/IMG-20260227-WA0064.jpg 1280w\" sizes=\"auto, (max-width: 1024px) 100vw, 1024px\" \/><\/a><\/figure>\n\n\n\n<figure class=\"wp-block-image size-large\"><a href=\"https:\/\/kenshinkan.com.ar\/escuela\/wp-content\/uploads\/2026\/02\/IMG-20260227-WA0056.jpg\"><img loading=\"lazy\" decoding=\"async\" width=\"768\" height=\"1024\" data-id=\"353\" src=\"https:\/\/kenshinkan.com.ar\/escuela\/wp-content\/uploads\/2026\/02\/IMG-20260227-WA0056-768x1024.jpg\" alt=\"\" class=\"wp-image-353\" srcset=\"https:\/\/kenshinkan.com.ar\/escuela\/wp-content\/uploads\/2026\/02\/IMG-20260227-WA0056-768x1024.jpg 768w, https:\/\/kenshinkan.com.ar\/escuela\/wp-content\/uploads\/2026\/02\/IMG-20260227-WA0056-225x300.jpg 225w, https:\/\/kenshinkan.com.ar\/escuela\/wp-content\/uploads\/2026\/02\/IMG-20260227-WA0056-1152x1536.jpg 1152w, https:\/\/kenshinkan.com.ar\/escuela\/wp-content\/uploads\/2026\/02\/IMG-20260227-WA0056.jpg 1200w\" sizes=\"auto, (max-width: 768px) 100vw, 768px\" \/><\/a><\/figure>\n\n\n\n<figure class=\"wp-block-image size-large\"><a href=\"https:\/\/kenshinkan.com.ar\/escuela\/wp-content\/uploads\/2026\/02\/IMG-20260227-WA0061.jpg\"><img loading=\"lazy\" decoding=\"async\" width=\"768\" height=\"1024\" data-id=\"357\" src=\"https:\/\/kenshinkan.com.ar\/escuela\/wp-content\/uploads\/2026\/02\/IMG-20260227-WA0061-768x1024.jpg\" alt=\"\" class=\"wp-image-357\" srcset=\"https:\/\/kenshinkan.com.ar\/escuela\/wp-content\/uploads\/2026\/02\/IMG-20260227-WA0061-768x1024.jpg 768w, https:\/\/kenshinkan.com.ar\/escuela\/wp-content\/uploads\/2026\/02\/IMG-20260227-WA0061-225x300.jpg 225w, https:\/\/kenshinkan.com.ar\/escuela\/wp-content\/uploads\/2026\/02\/IMG-20260227-WA0061-1152x1536.jpg 1152w, https:\/\/kenshinkan.com.ar\/escuela\/wp-content\/uploads\/2026\/02\/IMG-20260227-WA0061.jpg 1200w\" sizes=\"auto, (max-width: 768px) 100vw, 768px\" \/><\/a><\/figure>\n\n\n\n<figure class=\"wp-block-image size-large\"><a href=\"https:\/\/kenshinkan.com.ar\/escuela\/wp-content\/uploads\/2026\/02\/IMG-20250326-WA0013.jpg\"><img loading=\"lazy\" decoding=\"async\" width=\"819\" height=\"1024\" data-id=\"320\" src=\"https:\/\/kenshinkan.com.ar\/escuela\/wp-content\/uploads\/2026\/02\/IMG-20250326-WA0013-819x1024.jpg\" alt=\"\" class=\"wp-image-320\" srcset=\"https:\/\/kenshinkan.com.ar\/escuela\/wp-content\/uploads\/2026\/02\/IMG-20250326-WA0013-819x1024.jpg 819w, https:\/\/kenshinkan.com.ar\/escuela\/wp-content\/uploads\/2026\/02\/IMG-20250326-WA0013-240x300.jpg 240w, https:\/\/kenshinkan.com.ar\/escuela\/wp-content\/uploads\/2026\/02\/IMG-20250326-WA0013-768x960.jpg 768w, https:\/\/kenshinkan.com.ar\/escuela\/wp-content\/uploads\/2026\/02\/IMG-20250326-WA0013.jpg 1080w\" sizes=\"auto, (max-width: 819px) 100vw, 819px\" \/><\/a><\/figure>\n\n\n\n<figure class=\"wp-block-image size-large\"><a href=\"https:\/\/kenshinkan.com.ar\/escuela\/wp-content\/uploads\/2026\/02\/IMG-20250326-WA0011.jpg\"><img loading=\"lazy\" decoding=\"async\" width=\"819\" height=\"1024\" data-id=\"321\" src=\"https:\/\/kenshinkan.com.ar\/escuela\/wp-content\/uploads\/2026\/02\/IMG-20250326-WA0011-819x1024.jpg\" alt=\"\" class=\"wp-image-321\" srcset=\"https:\/\/kenshinkan.com.ar\/escuela\/wp-content\/uploads\/2026\/02\/IMG-20250326-WA0011-819x1024.jpg 819w, https:\/\/kenshinkan.com.ar\/escuela\/wp-content\/uploads\/2026\/02\/IMG-20250326-WA0011-240x300.jpg 240w, https:\/\/kenshinkan.com.ar\/escuela\/wp-content\/uploads\/2026\/02\/IMG-20250326-WA0011-768x960.jpg 768w, https:\/\/kenshinkan.com.ar\/escuela\/wp-content\/uploads\/2026\/02\/IMG-20250326-WA0011.jpg 1080w\" sizes=\"auto, (max-width: 819px) 100vw, 819px\" \/><\/a><\/figure>\n<\/figure>\n\n\n\n<figure class=\"wp-block-image aligncenter size-large\"><a href=\"https:\/\/kenshinkan.com.ar\/escuela\/wp-content\/uploads\/2026\/02\/IMG-20250907-WA0006.jpg\"><img loading=\"lazy\" decoding=\"async\" width=\"1024\" height=\"768\" src=\"https:\/\/kenshinkan.com.ar\/escuela\/wp-content\/uploads\/2026\/02\/IMG-20250907-WA0006-1024x768.jpg\" alt=\"\" class=\"wp-image-336\" srcset=\"https:\/\/kenshinkan.com.ar\/escuela\/wp-content\/uploads\/2026\/02\/IMG-20250907-WA0006-1024x768.jpg 1024w, https:\/\/kenshinkan.com.ar\/escuela\/wp-content\/uploads\/2026\/02\/IMG-20250907-WA0006-300x225.jpg 300w, https:\/\/kenshinkan.com.ar\/escuela\/wp-content\/uploads\/2026\/02\/IMG-20250907-WA0006-768x576.jpg 768w, https:\/\/kenshinkan.com.ar\/escuela\/wp-content\/uploads\/2026\/02\/IMG-20250907-WA0006.jpg 1280w\" sizes=\"auto, (max-width: 1024px) 100vw, 1024px\" \/><\/a><\/figure>\n","protected":false},"excerpt":{"rendered":"<p>Capacitaci\u00f3n Cont\u00ednua<\/p>\n","protected":false},"author":2,"featured_media":0,"parent":0,"menu_order":0,"comment_status":"closed","ping_status":"closed","template":"","meta":{"site-sidebar-layout":"default","site-content-layout":"","ast-site-content-layout":"default","site-content-style":"default","site-sidebar-style":"default","ast-global-header-display":"","ast-banner-title-visibility":"","ast-main-header-display":"","ast-hfb-above-header-display":"","ast-hfb-below-header-display":"","ast-hfb-mobile-header-display":"","site-post-title":"","ast-breadcrumbs-content":"","ast-featured-img":"","footer-sml-layout":"","ast-disable-related-posts":"","theme-transparent-header-meta":"","adv-header-id-meta":"","stick-header-meta":"","header-above-stick-meta":"","header-main-stick-meta":"","header-below-stick-meta":"","astra-migrate-meta-layouts":"default","ast-page-background-enabled":"default","ast-page-background-meta":{"desktop":{"background-color":"var(--ast-global-color-5)","background-image":"","background-repeat":"repeat","background-position":"center center","background-size":"auto","background-attachment":"scroll","background-type":"","background-media":"","overlay-type":"","overlay-color":"","overlay-opacity":"","overlay-gradient":""},"tablet":{"background-color":"","background-image":"","background-repeat":"repeat","background-position":"center center","background-size":"auto","background-attachment":"scroll","background-type":"","background-media":"","overlay-type":"","overlay-color":"","overlay-opacity":"","overlay-gradient":""},"mobile":{"background-color":"","background-image":"","background-repeat":"repeat","background-position":"center center","background-size":"auto","background-attachment":"scroll","background-type":"","background-media":"","overlay-type":"","overlay-color":"","overlay-opacity":"","overlay-gradient":""}},"ast-content-background-meta":{"desktop":{"background-color":"var(--ast-global-color-4)","background-image":"","background-repeat":"repeat","background-position":"center center","background-size":"auto","background-attachment":"scroll","background-type":"","background-media":"","overlay-type":"","overlay-color":"","overlay-opacity":"","overlay-gradient":""},"tablet":{"background-color":"var(--ast-global-color-4)","background-image":"","background-repeat":"repeat","background-position":"center center","background-size":"auto","background-attachment":"scroll","background-type":"","background-media":"","overlay-type":"","overlay-color":"","overlay-opacity":"","overlay-gradient":""},"mobile":{"background-color":"var(--ast-global-color-4)","background-image":"","background-repeat":"repeat","background-position":"center center","background-size":"auto","background-attachment":"scroll","background-type":"","background-media":"","overlay-type":"","overlay-color":"","overlay-opacity":"","overlay-gradient":""}},"_joinchat":[],"footnotes":""},"class_list":["post-352","page","type-page","status-publish","hentry"],"_links":{"self":[{"href":"https:\/\/kenshinkan.com.ar\/escuela\/wp-json\/wp\/v2\/pages\/352","targetHints":{"allow":["GET"]}}],"collection":[{"href":"https:\/\/kenshinkan.com.ar\/escuela\/wp-json\/wp\/v2\/pages"}],"about":[{"href":"https:\/\/kenshinkan.com.ar\/escuela\/wp-json\/wp\/v2\/types\/page"}],"author":[{"embeddable":true,"href":"https:\/\/kenshinkan.com.ar\/escuela\/wp-json\/wp\/v2\/users\/2"}],"replies":[{"embeddable":true,"href":"https:\/\/kenshinkan.com.ar\/escuela\/wp-json\/wp\/v2\/comments?post=352"}],"version-history":[{"count":13,"href":"https:\/\/kenshinkan.com.ar\/escuela\/wp-json\/wp\/v2\/pages\/352\/revisions"}],"predecessor-version":[{"id":480,"href":"https:\/\/kenshinkan.com.ar\/escuela\/wp-json\/wp\/v2\/pages\/352\/revisions\/480"}],"wp:attachment":[{"href":"https:\/\/kenshinkan.com.ar\/escuela\/wp-json\/wp\/v2\/media?parent=352"}],"curies":[{"name":"wp","href":"https:\/\/api.w.org\/{rel}","templated":true}]}}