{"id":815,"date":"2026-03-27T12:51:01","date_gmt":"2026-03-27T12:51:01","guid":{"rendered":"https:\/\/kenshinkan.com.ar\/escuela\/?page_id=815"},"modified":"2026-03-31T15:42:25","modified_gmt":"2026-03-31T15:42:25","slug":"maestro-akamine","status":"publish","type":"page","link":"https:\/\/kenshinkan.com.ar\/escuela\/maestro-akamine\/","title":{"rendered":"MAESTRO"},"content":{"rendered":"\n<h2 class=\"wp-block-heading has-border-color has-ast-global-color-4-border-color has-vivid-red-color has-text-color has-link-color wp-elements-eefb82fb4dec3dc1e5a6757e7531bd2e\" style=\"border-width:10px\">SEIICHI YOSHITAKA AKAMINE<\/h2>\n\n\n\n<p class=\"has-text-align-left has-border-color has-ast-global-color-4-border-color\" style=\"border-width:15px;font-size:20px\"><em>Ken Shin Kan Argentina representa la continuidad del legado del creador del estilo Shikan Seiichi Yoshitaka Akamine (1920-1995). Bajo confianza que el Sensei Ra\u00fal Fern\u00e1ndez de la Reguera Silva deposit\u00f3 en nosotros y con guia de Sensei Ra\u00fal Fern\u00e1ndez de la Reguera Rivera<\/em>, <em>trabajamos para difundir el Karate-Do con un Esp\u00edritu Fuerte en todo el pa\u00eds.<\/em> <\/p>\n\n\n\n<figure class=\"wp-block-image aligncenter size-full\"><a href=\"https:\/\/kenshinkan.com.ar\/escuela\/wp-content\/uploads\/2026\/03\/IMG-20260327-WA0007.jpg\"><img loading=\"lazy\" decoding=\"async\" width=\"545\" height=\"960\" src=\"https:\/\/kenshinkan.com.ar\/escuela\/wp-content\/uploads\/2026\/03\/IMG-20260327-WA0007.jpg\" alt=\"\" class=\"wp-image-821\" srcset=\"https:\/\/kenshinkan.com.ar\/escuela\/wp-content\/uploads\/2026\/03\/IMG-20260327-WA0007.jpg 545w, https:\/\/kenshinkan.com.ar\/escuela\/wp-content\/uploads\/2026\/03\/IMG-20260327-WA0007-170x300.jpg 170w\" sizes=\"auto, (max-width: 545px) 100vw, 545px\" \/><\/a><\/figure>\n\n\n\n<p class=\"has-border-color has-ast-global-color-4-border-color has-medium-font-size\" style=\"border-width:10px\">Sensei Akamine naci\u00f3 en la ciudad de Naha, Okinawa, el 14 de Mayo de 1920. Comenz\u00f3 a aprender las artes marciales a muy temprana edad, bajo la tutor\u00eda de su abuelo. Aunque la familia Akamine era descendiente directa de Samurai, Sensei fue el \u00fanico de los hermanos que se entren\u00f3 en las artes marciales. De esta forma practic\u00f3 asiduamente durante su infancia y adolescencia y se convirti\u00f3 en un joven muy robusto y saludable. Despu\u00e9s de su abuelo, su primer profesor fue Chomo Hanashiro (1869 \u2013 1945), quien le ense\u00f1o el estilo Shorin-Ryu. Tambi\u00e9n entren\u00f3 el mismo estilo, con otros destacados maestros de Okinawa, tales como: Kentsu Yabu (1866 \u2013 1937) y Chotoku Kyan (1870 \u2013 1945). Al mismo tiempo que Sensei Akamine practicaba artes marciales con estos destacados maestros de la \u00e9poca, hab\u00eda comenzado a aprender el estilo Goju-ryu con el maestro Chojun Miyagi (1888 \u2013 1953), quien hab\u00eda sido el creador de este estilo.<\/p>\n\n\n\n<figure class=\"wp-block-image aligncenter size-full is-resized\"><a href=\"https:\/\/kenshinkan.com.ar\/escuela\/wp-content\/uploads\/2026\/03\/IMG-20260327-WA0006.jpg\"><img loading=\"lazy\" decoding=\"async\" width=\"820\" height=\"312\" src=\"https:\/\/kenshinkan.com.ar\/escuela\/wp-content\/uploads\/2026\/03\/IMG-20260327-WA0006.jpg\" alt=\"\" class=\"wp-image-822\" style=\"aspect-ratio:2.6282866730104675;width:1143px;height:auto\" srcset=\"https:\/\/kenshinkan.com.ar\/escuela\/wp-content\/uploads\/2026\/03\/IMG-20260327-WA0006.jpg 820w, https:\/\/kenshinkan.com.ar\/escuela\/wp-content\/uploads\/2026\/03\/IMG-20260327-WA0006-300x114.jpg 300w, https:\/\/kenshinkan.com.ar\/escuela\/wp-content\/uploads\/2026\/03\/IMG-20260327-WA0006-768x292.jpg 768w\" sizes=\"auto, (max-width: 820px) 100vw, 820px\" \/><\/a><\/figure>\n\n\n\n<p class=\"has-border-color has-ast-global-color-4-border-color has-medium-font-size\" style=\"border-width:10px\">Luego, pas\u00f3 a ser alumno del maestro Seiko Higa (1898 \u2013 1966), segundo del maestro Miyagi. Sin embargo, la b\u00fasqueda de Sensei Akamine no se detuvo ah\u00ed. Con el mismo entusiasmo, comenz\u00f3 a observar otros estilos, tales como: Uechi-ryu del maestro Kanbun Uechi (1877 \u2013 1948), de donde incorpor\u00f3 el kata Kanshu, Kansha o Dai-ni-Seisan.<\/p>\n\n\n\n<p class=\"has-border-color has-ast-global-color-4-border-color has-medium-font-size\" style=\"border-width:10px\">Por otra parte, de acuerdo a algunas investigaciones realizadas, el Maestro Akamine debe haber recibido una gran influencia del maestro Seitoku Higa (1921), creador de la escuela Bugeikan. Lo anterior puede ser demostrado por el hecho que el Sensei Akamine haya incorporado en su propia escuela (Ken- Shin-Kan), katas que se practican en la Bugeikan, tales como Ryufa o Rufua; Seisan o Sesan (este \u00faltimo muy diferente del que ense\u00f1o Chojun Miyagi) y Ken-Shin-Ryu (el cual era conocido originalmente, con el nombre de Kusanku de Takamine).<\/p>\n\n\n\n<p class=\"has-border-color has-ast-global-color-4-border-color has-medium-font-size\" style=\"border-width:10px\">A los 16 a\u00f1os recibi\u00f3 el grado de 1er Dan; a los 18 a\u00f1os el de 2\u00ba Dan y a los 22 a\u00f1os fue honrado con el 4\u00ba Dan, de manos de su maestro, Seiko Higa. Adem\u00e1s de su entrenamiento en Karate, Sensei Akamine aprendi\u00f3 tambi\u00e9n el arte del Kobudo (formas marciales antiguas que ense\u00f1aban el manejo de diversos tipos de armas de origen chino, tales como: Bo, Sai, Nunchaku, Tonfa, Kama, Nunte, Suruchin, etc.), con todos los profesores que lo formaron como artista marcial. No obstante, la ense\u00f1anza m\u00e1s especializada la recibi\u00f3 del maestro de Kobudo, Shinko Matayoshi (1888 \u2013 1947), quien acostumbraba a ense\u00f1ar en el dojo del maestro Chojun Miyagi. M\u00e1s tarde, su hijo, Shimpo Matayoshi, ense\u00f1ar\u00eda en el dojo del maestro Seiko Higa.<\/p>\n\n\n\n<p class=\"has-border-color has-ast-global-color-4-border-color has-medium-font-size\" style=\"border-width:10px\">Tambi\u00e9n, durante su estad\u00eda en Jap\u00f3n, aprendi\u00f3 algunas artes del Budo japon\u00e9s, tales como: Kenjutsu; Kendo; Iaido; Judo (del cual incorpor\u00f3 algunos lanzamientos para complementar las t\u00e9cnicas de su Karate); Jiu-jitsu (t\u00e9cnicas que son caracter\u00edsticas del Goju-ryu Ken-Shin-Kan) y Aikido.<\/p>\n\n\n\n<p class=\"has-border-color has-ast-global-color-4-border-color has-medium-font-size\" style=\"border-width:10px\">Poco antes de la Segunda Guerra Mundial Sensei Akamine viaja a Tokyo, para radicarse y ense\u00f1ar artes marciales. Ah\u00ed, asiste a la universidad para tomar cursos de Anatom\u00eda y Fisiolog\u00eda humana, incentivado por el noble prop\u00f3sito de aprender t\u00e9cnicas de d\u00edgito-puntura, masajes y rehabilitaci\u00f3n articular, tales como: Shiatsu y Do-in. Paralelamente, abre su Dojo y le denomina Shikan-kan, y a su estilo Shikan-ryu. Entre los alumnos que tuvo Sensei Akamine en Tokyo, y que hoy en d\u00eda son maestros de otras escuelas, se puede mencionar a Seiken Shukumine (Taido Kyokai), y a Hideo Tsuchiya (Shudokan), y entre sus condisc\u00edpulos m\u00e1s cercanos, se puede mencionar a Akio Kinjo (Jukendo), y Kanbun Izumigawa (Goju \u2013 ryu).<\/p>\n\n\n\n<figure class=\"wp-block-image aligncenter size-full\"><a href=\"https:\/\/kenshinkan.com.ar\/escuela\/wp-content\/uploads\/2026\/03\/1000050457.jpg\"><img loading=\"lazy\" decoding=\"async\" width=\"366\" height=\"563\" src=\"https:\/\/kenshinkan.com.ar\/escuela\/wp-content\/uploads\/2026\/03\/1000050457.jpg\" alt=\"\" class=\"wp-image-837\" srcset=\"https:\/\/kenshinkan.com.ar\/escuela\/wp-content\/uploads\/2026\/03\/1000050457.jpg 366w, https:\/\/kenshinkan.com.ar\/escuela\/wp-content\/uploads\/2026\/03\/1000050457-195x300.jpg 195w\" sizes=\"auto, (max-width: 366px) 100vw, 366px\" \/><\/a><\/figure>\n\n\n\n<p class=\"has-border-color has-ast-global-color-4-border-color has-medium-font-size\" style=\"border-width:10px\">En 1957, Sensei Akamine emigr\u00f3 a Brasil, para buscar mejores horizontes para su familia y para difundir las artes marciales . All\u00ed, se estableci\u00f3 en San Pablo, en donde llegar\u00eda a tener un Dojo con m\u00e1s de 1.000 alumnos (1964), y que en ese entonces denomin\u00f3, Asociaci\u00f3n brasile\u00f1a de artes marciales. M\u00e1s tarde, la mencionada asociaci\u00f3n fracas\u00f3 y Sensei Akamine cre\u00f3 una nueva escuela, la Ken-Shin-Kan (1968). En ese mismo a\u00f1o, los hermanos Roberto y Ra\u00fal Fern\u00e1ndez de la Reguera, viajaron desde Chile para conocer al Sensei Akamine. Y, en esa misma oportunidad, Sensei fue invitado a Chile para instaurar su escuela. Anteriormente, en 1966, Sensei hab\u00eda viajado a Uruguay para establecer otra filial internacional.<\/p>\n\n\n\n<p class=\"has-border-color has-ast-global-color-4-border-color has-medium-font-size\" style=\"border-width:10px\">En el presente, su escuela se encuentra difundida en varios pa\u00edses del mundo, tales como: Chile, Argentina, Uruguay, Paraguay, Brasil, Honduras, Estados Unidos y Australia.<\/p>\n\n\n\n<p class=\"has-border-color has-ast-global-color-4-border-color has-medium-font-size\" style=\"border-width:10px\">El maestro Akamine dedic\u00f3 casi toda su vida a la pr\u00e1ctica de las artes marciales; sin embargo, dedic\u00f3 tambi\u00e9n dos tercios de ella al estudio de la numerolog\u00eda, llegando a trav\u00e9s de \u00e9sta, a establecer conclusiones muy importantes, con respecto a la influencia que los nombres producen en la vida de las personas, y tambi\u00e9n, a la influencia que los n\u00fameros producen en los lugares en donde vivimos. Con respecto a lo anterior, es interesante se\u00f1alar, que el maestro Akamine recibi\u00f3 el 8\u00ba Dan de su maestro, Seiko Higa, y de la Butokukai de Jap\u00f3n (Asociaci\u00f3n de artes marciales japonesas) y aunque fue requerido en varias oportunidades por la Federaci\u00f3n Japonesa de Karate-do, para recibir el 9\u00ba y el 10\u00ba Dan, nunca acept\u00f3 un nuevo grado, pues en su opini\u00f3n, los n\u00fameros 9 y 10 no eran buenos\u2026<\/p>\n\n\n\n<p class=\"has-border-color has-ast-global-color-4-border-color has-medium-font-size\" style=\"border-width:10px\">El maestro Akamine falleci\u00f3 el 18 de Julio de 1995, cuando reci\u00e9n hab\u00eda cumplido los 75 a\u00f1os de edad. \u00abSobre su cama, yac\u00edan algunos objetos que le hab\u00edan dado un gran significado a su vida, su cintur\u00f3n de Karate, su katana y su libro de los n\u00fameros\u2026<\/p>\n\n\n\n<div class=\"wp-block-columns are-vertically-aligned-center is-layout-flex wp-container-core-columns-is-layout-28f84493 wp-block-columns-is-layout-flex\">\n<div class=\"wp-block-column is-vertically-aligned-center is-layout-flow wp-block-column-is-layout-flow\">\n<figure class=\"wp-block-image aligncenter size-full\"><a href=\"https:\/\/kenshinkan.com.ar\/escuela\/wp-content\/uploads\/2026\/02\/1000015320.jpg\"><img loading=\"lazy\" decoding=\"async\" width=\"343\" height=\"341\" src=\"https:\/\/kenshinkan.com.ar\/escuela\/wp-content\/uploads\/2026\/02\/1000015320.jpg\" alt=\"\" class=\"wp-image-111\" srcset=\"https:\/\/kenshinkan.com.ar\/escuela\/wp-content\/uploads\/2026\/02\/1000015320.jpg 343w, https:\/\/kenshinkan.com.ar\/escuela\/wp-content\/uploads\/2026\/02\/1000015320-300x298.jpg 300w, https:\/\/kenshinkan.com.ar\/escuela\/wp-content\/uploads\/2026\/02\/1000015320-150x150.jpg 150w\" sizes=\"auto, (max-width: 343px) 100vw, 343px\" \/><\/a><\/figure>\n<\/div>\n<\/div>\n\n\n\n<h3 class=\"wp-block-heading has-text-align-center has-black-color has-text-color has-link-color wp-elements-f2ed7c63a99cc50cd465d1f291429685\">Conceptos de Shihan Seiichi Akamine<\/h3>\n\n\n\n<blockquote class=\"wp-block-quote is-layout-flow wp-block-quote-is-layout-flow\">\n<p class=\"has-text-align-center has-medium-font-size\"><strong>\u200b<em>\u00abS\u00f3lo las personas fuertes y de buen coraz\u00f3n llegan a cumplir los nobles ideales\u00bb<\/em>.<\/strong><\/p>\n\n\n\n<p class=\"has-text-align-center has-medium-font-size\">Aquel que progresa y sube es observado por los de abajo y deseado su progreso. <\/p>\n\n\n\n<p class=\"has-text-align-center has-medium-font-size\">Siempre tratar\u00e1n de abatirlo y en ese dif\u00edcil ir, desarrollar\u00e1 su intuici\u00f3n de modo que cada vez sea m\u00e1s dif\u00edcil evitar que llegue a su meta.<\/p>\n<\/blockquote>\n\n\n\n<p>Texto extra\u00eddo de: https:\/\/kenshinkan.cl<\/p>\n","protected":false},"excerpt":{"rendered":"<p>SEIICHI YOSHITAKA AKAMINE Ken Shin Kan Argentina representa la continuidad del legado del creador del estilo Shikan Seiichi Yoshitaka Akamine [&hellip;]<\/p>\n","protected":false},"author":2,"featured_media":0,"parent":0,"menu_order":0,"comment_status":"closed","ping_status":"closed","template":"","meta":{"site-sidebar-layout":"default","site-content-layout":"","ast-site-content-layout":"default","site-content-style":"default","site-sidebar-style":"default","ast-global-header-display":"","ast-banner-title-visibility":"","ast-main-header-display":"","ast-hfb-above-header-display":"","ast-hfb-below-header-display":"","ast-hfb-mobile-header-display":"","site-post-title":"","ast-breadcrumbs-content":"","ast-featured-img":"","footer-sml-layout":"","ast-disable-related-posts":"","theme-transparent-header-meta":"","adv-header-id-meta":"","stick-header-meta":"","header-above-stick-meta":"","header-main-stick-meta":"","header-below-stick-meta":"","astra-migrate-meta-layouts":"default","ast-page-background-enabled":"default","ast-page-background-meta":{"desktop":{"background-color":"var(--ast-global-color-5)","background-image":"","background-repeat":"repeat","background-position":"center center","background-size":"auto","background-attachment":"scroll","background-type":"","background-media":"","overlay-type":"","overlay-color":"","overlay-opacity":"","overlay-gradient":""},"tablet":{"background-color":"","background-image":"","background-repeat":"repeat","background-position":"center center","background-size":"auto","background-attachment":"scroll","background-type":"","background-media":"","overlay-type":"","overlay-color":"","overlay-opacity":"","overlay-gradient":""},"mobile":{"background-color":"","background-image":"","background-repeat":"repeat","background-position":"center center","background-size":"auto","background-attachment":"scroll","background-type":"","background-media":"","overlay-type":"","overlay-color":"","overlay-opacity":"","overlay-gradient":""}},"ast-content-background-meta":{"desktop":{"background-color":"var(--ast-global-color-4)","background-image":"","background-repeat":"repeat","background-position":"center center","background-size":"auto","background-attachment":"scroll","background-type":"","background-media":"","overlay-type":"","overlay-color":"","overlay-opacity":"","overlay-gradient":""},"tablet":{"background-color":"var(--ast-global-color-4)","background-image":"","background-repeat":"repeat","background-position":"center center","background-size":"auto","background-attachment":"scroll","background-type":"","background-media":"","overlay-type":"","overlay-color":"","overlay-opacity":"","overlay-gradient":""},"mobile":{"background-color":"var(--ast-global-color-4)","background-image":"","background-repeat":"repeat","background-position":"center center","background-size":"auto","background-attachment":"scroll","background-type":"","background-media":"","overlay-type":"","overlay-color":"","overlay-opacity":"","overlay-gradient":""}},"_joinchat":[],"footnotes":""},"class_list":["post-815","page","type-page","status-publish","hentry"],"_links":{"self":[{"href":"https:\/\/kenshinkan.com.ar\/escuela\/wp-json\/wp\/v2\/pages\/815","targetHints":{"allow":["GET"]}}],"collection":[{"href":"https:\/\/kenshinkan.com.ar\/escuela\/wp-json\/wp\/v2\/pages"}],"about":[{"href":"https:\/\/kenshinkan.com.ar\/escuela\/wp-json\/wp\/v2\/types\/page"}],"author":[{"embeddable":true,"href":"https:\/\/kenshinkan.com.ar\/escuela\/wp-json\/wp\/v2\/users\/2"}],"replies":[{"embeddable":true,"href":"https:\/\/kenshinkan.com.ar\/escuela\/wp-json\/wp\/v2\/comments?post=815"}],"version-history":[{"count":29,"href":"https:\/\/kenshinkan.com.ar\/escuela\/wp-json\/wp\/v2\/pages\/815\/revisions"}],"predecessor-version":[{"id":998,"href":"https:\/\/kenshinkan.com.ar\/escuela\/wp-json\/wp\/v2\/pages\/815\/revisions\/998"}],"wp:attachment":[{"href":"https:\/\/kenshinkan.com.ar\/escuela\/wp-json\/wp\/v2\/media?parent=815"}],"curies":[{"name":"wp","href":"https:\/\/api.w.org\/{rel}","templated":true}]}}