{"id":861,"date":"2026-03-27T16:19:59","date_gmt":"2026-03-27T16:19:59","guid":{"rendered":"https:\/\/kenshinkan.com.ar\/escuela\/?page_id=861"},"modified":"2026-04-06T15:27:17","modified_gmt":"2026-04-06T15:27:17","slug":"director-internacional-ksk-2","status":"publish","type":"page","link":"https:\/\/kenshinkan.com.ar\/escuela\/director-internacional-ksk-2\/","title":{"rendered":"DIRECTOR INTERNACIONAL KSK"},"content":{"rendered":"\n<h2 class=\"wp-block-heading has-vivid-red-color has-text-color has-link-color wp-elements-93b3a5a3a14888a188c486917da8a7f3\">El legado de nuestro Shihan Ra\u00fal Fern\u00e1ndez de la Reguera Silva<\/h2>\n\n\n\n<div class=\"wp-block-columns is-layout-flex wp-container-core-columns-is-layout-28f84493 wp-block-columns-is-layout-flex\">\n<div class=\"wp-block-column is-layout-flow wp-block-column-is-layout-flow\" style=\"flex-basis:66.66%\">\n<figure class=\"wp-block-image aligncenter size-full is-resized\"><a href=\"https:\/\/kenshinkan.com.ar\/escuela\/wp-content\/uploads\/2026\/03\/281366_105741132857215_2708027_n.jpg\"><img loading=\"lazy\" decoding=\"async\" width=\"273\" height=\"416\" src=\"https:\/\/kenshinkan.com.ar\/escuela\/wp-content\/uploads\/2026\/03\/281366_105741132857215_2708027_n.jpg\" alt=\"\" class=\"wp-image-807\" style=\"aspect-ratio:0.6562370882319799;width:674px;height:auto\" srcset=\"https:\/\/kenshinkan.com.ar\/escuela\/wp-content\/uploads\/2026\/03\/281366_105741132857215_2708027_n.jpg 273w, https:\/\/kenshinkan.com.ar\/escuela\/wp-content\/uploads\/2026\/03\/281366_105741132857215_2708027_n-197x300.jpg 197w\" sizes=\"auto, (max-width: 273px) 100vw, 273px\" \/><\/a><\/figure>\n<\/div>\n\n\n\n<div class=\"wp-block-column is-layout-flow wp-block-column-is-layout-flow\" style=\"flex-basis:33.33%\">\n<figure class=\"wp-block-image alignleft size-large\"><a href=\"https:\/\/kenshinkan.com.ar\/escuela\/wp-content\/uploads\/2026\/04\/IMG-20260406-WA0002.jpg\"><img loading=\"lazy\" decoding=\"async\" width=\"294\" height=\"1024\" src=\"https:\/\/kenshinkan.com.ar\/escuela\/wp-content\/uploads\/2026\/04\/IMG-20260406-WA0002-294x1024.jpg\" alt=\"\" class=\"wp-image-1031\" srcset=\"https:\/\/kenshinkan.com.ar\/escuela\/wp-content\/uploads\/2026\/04\/IMG-20260406-WA0002-294x1024.jpg 294w, https:\/\/kenshinkan.com.ar\/escuela\/wp-content\/uploads\/2026\/04\/IMG-20260406-WA0002-86x300.jpg 86w, https:\/\/kenshinkan.com.ar\/escuela\/wp-content\/uploads\/2026\/04\/IMG-20260406-WA0002-441x1536.jpg 441w, https:\/\/kenshinkan.com.ar\/escuela\/wp-content\/uploads\/2026\/04\/IMG-20260406-WA0002.jpg 459w\" sizes=\"auto, (max-width: 294px) 100vw, 294px\" \/><\/a><\/figure>\n<\/div>\n<\/div>\n\n\n\n<p class=\"has-border-color has-ast-global-color-4-border-color has-medium-font-size\" style=\"border-width:10px\">Los Shihan Ra\u00fal y Roberto nacieron en Chile el 6 de setiembre de 1947 y el 7 de enero de 1950 respectivamente. En 1965 comienzan a practicar Karate-do con el Sensei Hideo Tsushiya, 9\u00b0 Dan del estilo Shudo-Kan. Impresionado por la dedicaci\u00f3n y las condiciones naturales de los hermanos, los entusiasma para continuar sus estudios con el Maestro Seeichi Akamine, al cual Sensei Tsushiya hab\u00eda conocido en Tokio, habiendo quedado impresionado por el nivel desarrollado por el Maestro en su arte.<\/p>\n\n\n\n<p class=\"has-border-color has-ast-global-color-4-border-color has-medium-font-size\" style=\"border-width:10px\">Sensei Tsushiya sab\u00eda que el Maestro estaba radicado en Brasil, pero no ten\u00eda informaci\u00f3n acerca de la ciudad en que se encontraba. Shihan Roberto viaja a Brasil en 1968 y busca al Maestro durante varios meses, recorriendo en su b\u00fasqueda diferentes ciudades. Finalmente encuentra al Maestro en la ciudad de San Pablo. A partir de ese momento, ambos hermanos se convierten en disc\u00edpulos de su escuela.<\/p>\n\n\n\n<p class=\"has-border-color has-ast-global-color-4-border-color has-medium-font-size\" style=\"border-width:10px\">Shihan Ra\u00fal y Roberto se han dedicado por entero al Karate-do y al desarrollo de la escuela Ken Shin Kan. Tambi\u00e9n han estudiado otras artes, como por ejemplo: Kobudo, t\u00e9cnicas de reanimaci\u00f3n y digitopuntura, todas ellas transmitidas por el el Maestro Akamine y perfeccionadas con cursos de nivel universitario. Actualmente ostentan el grado de 9no Dan y son los directores de la Organizaci\u00f3n Internacional Ken Shin Kan.<\/p>\n\n\n\n<p>Texto extra\u00eddo de: https:\/\/kenshinkan.cl<\/p>\n","protected":false},"excerpt":{"rendered":"<p>El legado de nuestro Shihan Ra\u00fal Fern\u00e1ndez de la Reguera Silva Los Shihan Ra\u00fal y Roberto nacieron en Chile el [&hellip;]<\/p>\n","protected":false},"author":2,"featured_media":0,"parent":0,"menu_order":0,"comment_status":"closed","ping_status":"closed","template":"","meta":{"site-sidebar-layout":"default","site-content-layout":"","ast-site-content-layout":"default","site-content-style":"default","site-sidebar-style":"default","ast-global-header-display":"","ast-banner-title-visibility":"","ast-main-header-display":"","ast-hfb-above-header-display":"","ast-hfb-below-header-display":"","ast-hfb-mobile-header-display":"","site-post-title":"","ast-breadcrumbs-content":"","ast-featured-img":"","footer-sml-layout":"","ast-disable-related-posts":"","theme-transparent-header-meta":"","adv-header-id-meta":"","stick-header-meta":"","header-above-stick-meta":"","header-main-stick-meta":"","header-below-stick-meta":"","astra-migrate-meta-layouts":"default","ast-page-background-enabled":"default","ast-page-background-meta":{"desktop":{"background-color":"var(--ast-global-color-5)","background-image":"","background-repeat":"repeat","background-position":"center center","background-size":"auto","background-attachment":"scroll","background-type":"","background-media":"","overlay-type":"","overlay-color":"","overlay-opacity":"","overlay-gradient":""},"tablet":{"background-color":"","background-image":"","background-repeat":"repeat","background-position":"center center","background-size":"auto","background-attachment":"scroll","background-type":"","background-media":"","overlay-type":"","overlay-color":"","overlay-opacity":"","overlay-gradient":""},"mobile":{"background-color":"","background-image":"","background-repeat":"repeat","background-position":"center center","background-size":"auto","background-attachment":"scroll","background-type":"","background-media":"","overlay-type":"","overlay-color":"","overlay-opacity":"","overlay-gradient":""}},"ast-content-background-meta":{"desktop":{"background-color":"var(--ast-global-color-4)","background-image":"","background-repeat":"repeat","background-position":"center center","background-size":"auto","background-attachment":"scroll","background-type":"","background-media":"","overlay-type":"","overlay-color":"","overlay-opacity":"","overlay-gradient":""},"tablet":{"background-color":"var(--ast-global-color-4)","background-image":"","background-repeat":"repeat","background-position":"center center","background-size":"auto","background-attachment":"scroll","background-type":"","background-media":"","overlay-type":"","overlay-color":"","overlay-opacity":"","overlay-gradient":""},"mobile":{"background-color":"var(--ast-global-color-4)","background-image":"","background-repeat":"repeat","background-position":"center center","background-size":"auto","background-attachment":"scroll","background-type":"","background-media":"","overlay-type":"","overlay-color":"","overlay-opacity":"","overlay-gradient":""}},"_joinchat":[],"footnotes":""},"class_list":["post-861","page","type-page","status-publish","hentry"],"_links":{"self":[{"href":"https:\/\/kenshinkan.com.ar\/escuela\/wp-json\/wp\/v2\/pages\/861","targetHints":{"allow":["GET"]}}],"collection":[{"href":"https:\/\/kenshinkan.com.ar\/escuela\/wp-json\/wp\/v2\/pages"}],"about":[{"href":"https:\/\/kenshinkan.com.ar\/escuela\/wp-json\/wp\/v2\/types\/page"}],"author":[{"embeddable":true,"href":"https:\/\/kenshinkan.com.ar\/escuela\/wp-json\/wp\/v2\/users\/2"}],"replies":[{"embeddable":true,"href":"https:\/\/kenshinkan.com.ar\/escuela\/wp-json\/wp\/v2\/comments?post=861"}],"version-history":[{"count":10,"href":"https:\/\/kenshinkan.com.ar\/escuela\/wp-json\/wp\/v2\/pages\/861\/revisions"}],"predecessor-version":[{"id":1042,"href":"https:\/\/kenshinkan.com.ar\/escuela\/wp-json\/wp\/v2\/pages\/861\/revisions\/1042"}],"wp:attachment":[{"href":"https:\/\/kenshinkan.com.ar\/escuela\/wp-json\/wp\/v2\/media?parent=861"}],"curies":[{"name":"wp","href":"https:\/\/api.w.org\/{rel}","templated":true}]}}