{"id":877,"date":"2026-03-27T16:44:37","date_gmt":"2026-03-27T16:44:37","guid":{"rendered":"https:\/\/kenshinkan.com.ar\/escuela\/?page_id=877"},"modified":"2026-03-27T17:17:12","modified_gmt":"2026-03-27T17:17:12","slug":"codigo-moral","status":"publish","type":"page","link":"https:\/\/kenshinkan.com.ar\/escuela\/codigo-moral\/","title":{"rendered":"C\u00f3digo moral"},"content":{"rendered":"\n<figure class=\"wp-block-image aligncenter size-large is-resized\"><a href=\"https:\/\/kenshinkan.com.ar\/escuela\/wp-content\/uploads\/2026\/03\/codigo_akamine-1-1536x986-1.jpg\"><img loading=\"lazy\" decoding=\"async\" width=\"1024\" height=\"657\" src=\"https:\/\/kenshinkan.com.ar\/escuela\/wp-content\/uploads\/2026\/03\/codigo_akamine-1-1536x986-1-1024x657.jpg\" alt=\"\" class=\"wp-image-745\" style=\"aspect-ratio:1.5586129807120603;width:1135px;height:auto\" srcset=\"https:\/\/kenshinkan.com.ar\/escuela\/wp-content\/uploads\/2026\/03\/codigo_akamine-1-1536x986-1-1024x657.jpg 1024w, https:\/\/kenshinkan.com.ar\/escuela\/wp-content\/uploads\/2026\/03\/codigo_akamine-1-1536x986-1-300x193.jpg 300w, https:\/\/kenshinkan.com.ar\/escuela\/wp-content\/uploads\/2026\/03\/codigo_akamine-1-1536x986-1-768x493.jpg 768w, https:\/\/kenshinkan.com.ar\/escuela\/wp-content\/uploads\/2026\/03\/codigo_akamine-1-1536x986-1.jpg 1536w\" sizes=\"auto, (max-width: 1024px) 100vw, 1024px\" \/><\/a><\/figure>\n\n\n\n<ol class=\"wp-block-list has-medium-font-size\">\n<li>El hombre para perfeccionarse, necesita principalmente gozar de buena salud.<\/li>\n\n\n\n<li>Debe superar\u00e9 constantemente, procurando alcanzar un alto nivel de perfecci\u00f3n espiritual y cultural. Por ejemplo, debe superarse mediante los estudios medios y superiores, dedicarse a las lecturas interesantes y educativas, etc.<\/li>\n\n\n\n<li>Debe entrenar esforzadamente perfeccionando diariamente los conocimientos entregados por sus profesores.<\/li>\n\n\n\n<li>Debe protegerse de las enfermedades, de los enemigos y de todos los males. En general, de todo lo que pueda afectar, tanto su integridad f\u00edsica como moral. \u00abCuando surgen personas valiosas para la sociedad, suelen estar expuestas a la maledicencia y a varios tipos de agresiones, provenientes de oscuros personajes, envidiosos y ego\u00edstas, De modo que, una de las ense\u00f1anzas del karate -do, es saber como defenderse de estos ataques.\u00bb<\/li>\n\n\n\n<li>Los caminos del hombre son cinco, el Gor\u00edn.<\/li>\n\n\n\n<li>Una persona valiosa para la sociedad debe: Ser siempre inteligente para actual. Tener buenos antecedentes. Tener buenos sentimientos. Tener un buen ideal en la vida. Respetar los compromisos con las dem\u00e1s personas.<\/li>\n\n\n\n<li>Existen dos t\u00e9rminos filos\u00f3ficos: amor y buenos sentimientos. Y ellos se dividen en tres principios fundamentales: Amor y respeto por los padres; Amor y respeto por la patria y amor y respeto por los profesores.<\/li>\n\n\n\n<li>Existen muchas conductas y percepciones en el diario vivir, que se escapan a nuestra atenci\u00f3n. En otras palabras, no estamos conscientes de todo lo que nos pasa a cada instante. El Karate y las artes marciales en general, nos ense\u00f1an a estar mas alertas y nos dan los conocimientos necesarios para enfrentar la vida. Es decir, nos entregan muchas ense\u00f1anzas que nuestros padres no nos ense\u00f1an y que tampoco los establecimientos educativos, por ejemplo, los medios para desarrollarse espiritualmente y los conocimientos filos\u00f3ficos para conocerse a su mismo. <\/li>\n<\/ol>\n\n\n\n<blockquote class=\"wp-block-quote has-text-align-center is-layout-flow wp-block-quote-is-layout-flow\">\n<p class=\"has-vivid-red-color has-text-color has-link-color has-medium-font-size wp-elements-c827fd184ac67532e9522d606eb68916\"><strong>Estar siempre dispuesto para \u00abEL VAMOS\u00bb.<\/strong><\/p>\n\n\n\n<p class=\"has-text-align-center has-medium-font-size\">\u00abQuien ense\u00f1e este \u00abArte Defensa\u00bb debe transmitir estos conceptos para formar el verdadero esp\u00edritu de karate.\u00bb<\/p>\n\n\n\n<p class=\"has-text-align-center has-medium-font-size\"><strong>Quien se dedica a la pr\u00e1ctica del \u00abbien\u00bb, hace de \u00e9l un modo natural de vivir, es el clima de su dimensi\u00f3n humana y se llega a tanta definici\u00f3n con esta conducta que hubo quien hizo esta hermosa declaraci\u00f3n que sintetiza al hombre dedicado a los dem\u00e1s \u00abEl d\u00eda que no se hace un bien, es un d\u00eda perdido\u00bb. <\/strong><\/p>\n<\/blockquote>\n\n\n\n<h2 class=\"wp-block-heading has-vivid-red-color has-text-color has-link-color has-medium-font-size wp-elements-77cf6cf5d21e62644be7a8e303af5cbc\">Gorin y Gotoku<\/h2>\n\n\n\n<div class=\"wp-block-columns is-layout-flex wp-container-core-columns-is-layout-28f84493 wp-block-columns-is-layout-flex\">\n<div class=\"wp-block-column is-layout-flow wp-block-column-is-layout-flow\">\n<p class=\"has-medium-font-size\"><strong>Gorin (cinco reglas b\u00e1sicas)<\/strong><\/p>\n\n\n\n<ul class=\"wp-block-list\">\n<li>Defender a la Patria.<\/li>\n\n\n\n<li>Escuchar y respetar a los maestros.<\/li>\n\n\n\n<li>Escuchar y respetar a los padres.<\/li>\n\n\n\n<li>Los esposos deben unidos y ayudarse mutuamente.<\/li>\n\n\n\n<li>Solo en las malas situaciones se conocer los verdaderos amigos.<\/li>\n<\/ul>\n<\/div>\n\n\n\n<div class=\"wp-block-column is-layout-flow wp-block-column-is-layout-flow\">\n<p class=\"has-medium-font-size\"><strong>Gotoku (cinco reglas b\u00e1sicas)<\/strong><\/p>\n\n\n\n<ul class=\"wp-block-list\">\n<li>Meditando los actos tomaremos conciencia y claridad de ejecuci\u00f3n.<\/li>\n\n\n\n<li>Desprendimiento y generosidad para el progreso espiritual, y por ello, el ego\u00b4ismo conduce a la meta contraria.<\/li>\n\n\n\n<li>El miedo es un sentimiento real y existe en todos los hombres conscientes, pero debemos dominarlo, esto es coraje.<\/li>\n\n\n\n<li>Distinguir, definir y se\u00f1alar el bien separ\u00e1ndolo del mal es obligaci\u00f3n de todo \u00abHombre Karate\u00bb.<\/li>\n<\/ul>\n<\/div>\n<\/div>\n\n\n\n<p><\/p>\n","protected":false},"excerpt":{"rendered":"<p>Estar siempre dispuesto para \u00abEL VAMOS\u00bb. \u00abQuien ense\u00f1e este \u00abArte Defensa\u00bb debe transmitir estos conceptos para formar el verdadero esp\u00edritu [&hellip;]<\/p>\n","protected":false},"author":2,"featured_media":0,"parent":0,"menu_order":0,"comment_status":"closed","ping_status":"closed","template":"","meta":{"site-sidebar-layout":"default","site-content-layout":"","ast-site-content-layout":"default","site-content-style":"default","site-sidebar-style":"default","ast-global-header-display":"","ast-banner-title-visibility":"","ast-main-header-display":"","ast-hfb-above-header-display":"","ast-hfb-below-header-display":"","ast-hfb-mobile-header-display":"","site-post-title":"","ast-breadcrumbs-content":"","ast-featured-img":"","footer-sml-layout":"","ast-disable-related-posts":"","theme-transparent-header-meta":"","adv-header-id-meta":"","stick-header-meta":"","header-above-stick-meta":"","header-main-stick-meta":"","header-below-stick-meta":"","astra-migrate-meta-layouts":"default","ast-page-background-enabled":"default","ast-page-background-meta":{"desktop":{"background-color":"var(--ast-global-color-5)","background-image":"","background-repeat":"repeat","background-position":"center center","background-size":"auto","background-attachment":"scroll","background-type":"","background-media":"","overlay-type":"","overlay-color":"","overlay-opacity":"","overlay-gradient":""},"tablet":{"background-color":"","background-image":"","background-repeat":"repeat","background-position":"center center","background-size":"auto","background-attachment":"scroll","background-type":"","background-media":"","overlay-type":"","overlay-color":"","overlay-opacity":"","overlay-gradient":""},"mobile":{"background-color":"","background-image":"","background-repeat":"repeat","background-position":"center center","background-size":"auto","background-attachment":"scroll","background-type":"","background-media":"","overlay-type":"","overlay-color":"","overlay-opacity":"","overlay-gradient":""}},"ast-content-background-meta":{"desktop":{"background-color":"var(--ast-global-color-4)","background-image":"","background-repeat":"repeat","background-position":"center center","background-size":"auto","background-attachment":"scroll","background-type":"","background-media":"","overlay-type":"","overlay-color":"","overlay-opacity":"","overlay-gradient":""},"tablet":{"background-color":"var(--ast-global-color-4)","background-image":"","background-repeat":"repeat","background-position":"center center","background-size":"auto","background-attachment":"scroll","background-type":"","background-media":"","overlay-type":"","overlay-color":"","overlay-opacity":"","overlay-gradient":""},"mobile":{"background-color":"var(--ast-global-color-4)","background-image":"","background-repeat":"repeat","background-position":"center center","background-size":"auto","background-attachment":"scroll","background-type":"","background-media":"","overlay-type":"","overlay-color":"","overlay-opacity":"","overlay-gradient":""}},"_joinchat":[],"footnotes":""},"class_list":["post-877","page","type-page","status-publish","hentry"],"_links":{"self":[{"href":"https:\/\/kenshinkan.com.ar\/escuela\/wp-json\/wp\/v2\/pages\/877","targetHints":{"allow":["GET"]}}],"collection":[{"href":"https:\/\/kenshinkan.com.ar\/escuela\/wp-json\/wp\/v2\/pages"}],"about":[{"href":"https:\/\/kenshinkan.com.ar\/escuela\/wp-json\/wp\/v2\/types\/page"}],"author":[{"embeddable":true,"href":"https:\/\/kenshinkan.com.ar\/escuela\/wp-json\/wp\/v2\/users\/2"}],"replies":[{"embeddable":true,"href":"https:\/\/kenshinkan.com.ar\/escuela\/wp-json\/wp\/v2\/comments?post=877"}],"version-history":[{"count":4,"href":"https:\/\/kenshinkan.com.ar\/escuela\/wp-json\/wp\/v2\/pages\/877\/revisions"}],"predecessor-version":[{"id":896,"href":"https:\/\/kenshinkan.com.ar\/escuela\/wp-json\/wp\/v2\/pages\/877\/revisions\/896"}],"wp:attachment":[{"href":"https:\/\/kenshinkan.com.ar\/escuela\/wp-json\/wp\/v2\/media?parent=877"}],"curies":[{"name":"wp","href":"https:\/\/api.w.org\/{rel}","templated":true}]}}